{"id":251,"date":"2022-11-15T06:54:47","date_gmt":"2022-11-15T06:54:47","guid":{"rendered":"https:\/\/www.vh-plast.com\/?page_id=251"},"modified":"2024-01-22T18:06:18","modified_gmt":"2024-01-22T18:06:18","slug":"product-and-service","status":"publish","type":"page","link":"https:\/\/www.vh-plast.com\/vi\/product-and-service\/","title":{"rendered":"S\u1ea3n Ph\u1ea9m"},"content":{"rendered":"<div data-elementor-type=\"wp-page\" data-elementor-id=\"251\" class=\"elementor elementor-251\">\n\t\t\t\t\t\t\t\t\t<section class=\"elementor-section elementor-top-section elementor-element elementor-element-19bd9003 elementor-section-boxed elementor-section-height-default elementor-section-height-default\" data-id=\"19bd9003\" data-element_type=\"section\" data-settings=\"{&quot;background_background&quot;:&quot;classic&quot;}\">\n\t\t\t\t\t\t<div class=\"elementor-container elementor-column-gap-no\">\n\t\t\t\t\t<div class=\"elementor-column elementor-col-100 elementor-top-column elementor-element elementor-element-6131123a\" data-id=\"6131123a\" data-element_type=\"column\">\n\t\t\t<div class=\"elementor-widget-wrap elementor-element-populated\">\n\t\t\t\t\t\t\t\t<div class=\"elementor-element elementor-element-5880930d main-title elementor-invisible elementor-widget elementor-widget-heading\" data-id=\"5880930d\" data-element_type=\"widget\" data-settings=\"{&quot;_animation&quot;:&quot;zoomIn&quot;}\" data-widget_type=\"heading.default\">\n\t\t\t\t<div class=\"elementor-widget-container\">\n\t\t\t<style>\/*! elementor - v3.8.0 - 30-10-2022 *\/\n.elementor-heading-title{padding:0;margin:0;line-height:1}.elementor-widget-heading .elementor-heading-title[class*=elementor-size-]>a{color:inherit;font-size:inherit;line-height:inherit}.elementor-widget-heading .elementor-heading-title.elementor-size-small{font-size:15px}.elementor-widget-heading .elementor-heading-title.elementor-size-medium{font-size:19px}.elementor-widget-heading .elementor-heading-title.elementor-size-large{font-size:29px}.elementor-widget-heading .elementor-heading-title.elementor-size-xl{font-size:39px}.elementor-widget-heading .elementor-heading-title.elementor-size-xxl{font-size:59px}<\/style><h2 class=\"elementor-heading-title elementor-size-default\">S\u1ea3n Ph\u1ea9m<\/h2>\t\t<\/div>\n\t\t\t\t<\/div>\n\t\t\t\t\t<\/div>\n\t\t<\/div>\n\t\t\t\t\t\t\t<\/div>\n\t\t<\/section>\n\t\t\t\t<section class=\"elementor-section elementor-top-section elementor-element elementor-element-63ea8893 elementor-section-boxed elementor-section-height-default elementor-section-height-default\" data-id=\"63ea8893\" data-element_type=\"section\" data-settings=\"{&quot;background_background&quot;:&quot;classic&quot;}\">\n\t\t\t\t\t\t<div class=\"elementor-container elementor-column-gap-no\">\n\t\t\t\t\t<div class=\"elementor-column elementor-col-100 elementor-top-column elementor-element elementor-element-58541fec\" data-id=\"58541fec\" data-element_type=\"column\">\n\t\t\t<div class=\"elementor-widget-wrap elementor-element-populated\">\n\t\t\t\t\t\t\t\t<div class=\"elementor-element elementor-element-39ec4677 main-title elementor-widget__width-initial elementor-invisible elementor-widget elementor-widget-heading\" data-id=\"39ec4677\" data-element_type=\"widget\" data-settings=\"{&quot;_animation&quot;:&quot;fadeInUp&quot;,&quot;_animation_delay&quot;:200}\" data-widget_type=\"heading.default\">\n\t\t\t\t<div class=\"elementor-widget-container\">\n\t\t\t<h2 class=\"elementor-heading-title elementor-size-default\">Ch\u00fang t\u00f4i ph\u00e2n lo\u1ea1i s\u1ea3n ph\u1ea9m c\u1ee7a m\u00ecnh th\u00e0nh 3 m\u1ea3ng ch\u00ednh:<\/h2>\t\t<\/div>\n\t\t\t\t<\/div>\n\t\t\t\t<div class=\"elementor-element elementor-element-a92dbb3 elementor-align-center elementor-hidden-desktop elementor-hidden-tablet elementor-hidden-mobile elementor-widget elementor-widget-button\" data-id=\"a92dbb3\" data-element_type=\"widget\" data-widget_type=\"button.default\">\n\t\t\t\t<div class=\"elementor-widget-container\">\n\t\t\t\t\t<div class=\"elementor-button-wrapper\">\n\t\t\t<a href=\"#\" class=\"elementor-button-link elementor-button elementor-size-sm elementor-animation-sink\" role=\"button\">\n\t\t\t\t\t\t<span class=\"elementor-button-content-wrapper\">\n\t\t\t\t\t\t\t<span class=\"elementor-button-icon elementor-align-icon-left\">\n\t\t\t\t<svg xmlns=\"http:\/\/www.w3.org\/2000\/svg\" width=\"24px\" height=\"24px\" viewbox=\"0 0 24 24\"><path d=\"M8.29,13.29a1,1,0,0,0,0,1.42l3,3a1,1,0,0,0,1.42,0l3-3a1,1,0,0,0-1.42-1.42L13,14.59V3a1,1,0,0,0-2,0V14.59l-1.29-1.3A1,1,0,0,0,8.29,13.29ZM18,9H16a1,1,0,0,0,0,2h2a1,1,0,0,1,1,1v7a1,1,0,0,1-1,1H6a1,1,0,0,1-1-1V12a1,1,0,0,1,1-1H8A1,1,0,0,0,8,9H6a3,3,0,0,0-3,3v7a3,3,0,0,0,3,3H18a3,3,0,0,0,3-3V12A3,3,0,0,0,18,9Z\"><\/path><\/svg>\t\t\t<\/span>\n\t\t\t\t\t\t<span class=\"elementor-button-text\">Download TDS and MSDS<\/span>\n\t\t<\/span>\n\t\t\t\t\t<\/a>\n\t\t<\/div>\n\t\t\t\t<\/div>\n\t\t\t\t<\/div>\n\t\t\t\t<section class=\"elementor-section elementor-inner-section elementor-element elementor-element-2aaf704c elementor-section-boxed elementor-section-height-default elementor-section-height-default elementor-invisible\" data-id=\"2aaf704c\" data-element_type=\"section\" data-settings=\"{&quot;animation&quot;:&quot;fadeIn&quot;,&quot;animation_delay&quot;:200}\">\n\t\t\t\t\t\t<div class=\"elementor-container elementor-column-gap-no\">\n\t\t\t\t\t<div class=\"elementor-column elementor-col-50 elementor-inner-column elementor-element elementor-element-583c7005\" data-id=\"583c7005\" data-element_type=\"column\" data-settings=\"{&quot;background_background&quot;:&quot;classic&quot;}\">\n\t\t\t<div class=\"elementor-widget-wrap elementor-element-populated\">\n\t\t\t\t\t\t\t\t<div class=\"elementor-element elementor-element-5763ceef elementor-widget__width-auto elementor-widget elementor-widget-heading\" data-id=\"5763ceef\" data-element_type=\"widget\" data-widget_type=\"heading.default\">\n\t\t\t\t<div class=\"elementor-widget-container\">\n\t\t\t<h4 class=\"elementor-heading-title elementor-size-default\">01<\/h4>\t\t<\/div>\n\t\t\t\t<\/div>\n\t\t\t\t<div class=\"elementor-element elementor-element-d534b1f elementor-widget elementor-widget-spacer\" data-id=\"d534b1f\" data-element_type=\"widget\" data-widget_type=\"spacer.default\">\n\t\t\t\t<div class=\"elementor-widget-container\">\n\t\t\t<style>\/*! elementor - v3.8.0 - 30-10-2022 *\/\n.elementor-column .elementor-spacer-inner{height:var(--spacer-size)}.e-con{--container-widget-width:100%}.e-con-inner>.elementor-widget-spacer,.e-con>.elementor-widget-spacer{width:var(--container-widget-width,var(--spacer-size));-ms-flex-item-align:stretch;align-self:stretch;-ms-flex-negative:0;flex-shrink:0}.e-con-inner>.elementor-widget-spacer>.elementor-widget-container,.e-con-inner>.elementor-widget-spacer>.elementor-widget-container>.elementor-spacer,.e-con>.elementor-widget-spacer>.elementor-widget-container,.e-con>.elementor-widget-spacer>.elementor-widget-container>.elementor-spacer{height:100%}.e-con-inner>.elementor-widget-spacer>.elementor-widget-container>.elementor-spacer>.elementor-spacer-inner,.e-con>.elementor-widget-spacer>.elementor-widget-container>.elementor-spacer>.elementor-spacer-inner{height:var(--container-widget-height,var(--spacer-size))}<\/style>\t\t<div class=\"elementor-spacer\">\n\t\t\t<div class=\"elementor-spacer-inner\"><\/div>\n\t\t<\/div>\n\t\t\t\t<\/div>\n\t\t\t\t<\/div>\n\t\t\t\t\t<\/div>\n\t\t<\/div>\n\t\t\t\t<div class=\"elementor-column elementor-col-50 elementor-inner-column elementor-element elementor-element-3d53d98d\" data-id=\"3d53d98d\" data-element_type=\"column\" data-settings=\"{&quot;background_background&quot;:&quot;classic&quot;}\">\n\t\t\t<div class=\"elementor-widget-wrap elementor-element-populated\">\n\t\t\t\t\t\t\t\t<div class=\"elementor-element elementor-element-1e850ee4 elementor-widget elementor-widget-heading\" data-id=\"1e850ee4\" data-element_type=\"widget\" data-widget_type=\"heading.default\">\n\t\t\t\t<div class=\"elementor-widget-container\">\n\t\t\t<h6 class=\"elementor-heading-title elementor-size-default\">M\u1ea3ng bao b\u00ec Nh\u1ef1a<\/h6>\t\t<\/div>\n\t\t\t\t<\/div>\n\t\t\t\t<div class=\"elementor-element elementor-element-6228ac0f elementor-widget elementor-widget-heading\" data-id=\"6228ac0f\" data-element_type=\"widget\" data-widget_type=\"heading.default\">\n\t\t\t\t<div class=\"elementor-widget-container\">\n\t\t\t<h4 class=\"elementor-heading-title elementor-size-default\">M\u1ee5c ti\u00eau c\u1ee7a ch\u00fang t\u00f4i l\u00e0 chuy\u1ec3n h\u1ebft c\u00e1c ph\u01b0\u01a1ng ph\u00e1p s\u1ea3n xu\u1ea5t v\u1ec1 h\u01b0\u1edbng v\u1eadt li\u1ec7u \u0111\u01a1n, trong \u0111\u00f3 ch\u1ec9 s\u1eed d\u1ee5ng m\u1ed9t lo\u1ea1i nh\u1ef1a.<\/h4>\t\t<\/div>\n\t\t\t\t<\/div>\n\t\t\t\t<div class=\"elementor-element elementor-element-5df90dbe text-numberic elementor-widget elementor-widget-text-editor\" data-id=\"5df90dbe\" data-element_type=\"widget\" data-widget_type=\"text-editor.default\">\n\t\t\t\t<div class=\"elementor-widget-container\">\n\t\t\t<style>\/*! elementor - v3.8.0 - 30-10-2022 *\/\n.elementor-widget-text-editor.elementor-drop-cap-view-stacked .elementor-drop-cap{background-color:#818a91;color:#fff}.elementor-widget-text-editor.elementor-drop-cap-view-framed .elementor-drop-cap{color:#818a91;border:3px solid;background-color:transparent}.elementor-widget-text-editor:not(.elementor-drop-cap-view-default) .elementor-drop-cap{margin-top:8px}.elementor-widget-text-editor:not(.elementor-drop-cap-view-default) .elementor-drop-cap-letter{width:1em;height:1em}.elementor-widget-text-editor .elementor-drop-cap{float:left;text-align:center;line-height:1;font-size:50px}.elementor-widget-text-editor .elementor-drop-cap-letter{display:inline-block}<\/style>\t\t\t\t1. M\u00e0ng In - Bao g\u1ed3m vi\u1ec7c thay th\u1ebf t\u1ea5t c\u1ea3 c\u00e1c m\u00e0ng in hi\u1ec7n t\u1ea1i b\u1eb1ng PE.  Ch\u00fang t\u00f4i c\u00f3 th\u1ec3 \u0111\u1ea1t \u0111\u01b0\u1ee3c th\u00f4ng qua c\u1ea3 vi\u1ec7c s\u1ea3n xu\u1ea5t m\u00e0ng theo xu h\u01b0\u1edbng m\u1ecfng h\u01a1n ( thinner Machine Direction Orientation film)  ho\u1eb7c m\u00e0ng HDPE (High Density Polyethylene) d\u00e0y h\u01a1n.\n<br><br>\n2. M\u00e0ng Lamination PE - V\u1edbi n\u1ed7 l\u1ef1c ngi\u00ean c\u1ee9u c\u1ee7a b\u1ed9 ph\u1eadn R&amp;D, ch\u00fang t\u00f4i \u0111\u00e3 s\u1ea3n xu\u1ea5t \u0111\u01b0\u1ee3c m\u00e0ng c\u00f3 nhi\u1ec7t \u0111\u1ed9 \u0111\u00f3ng g\u00f3i h\u00e0n d\u00e1n th\u1ea5p, m\u00e0ng ch\u1ed1ng th\u1ea5m, m\u00e0ng ch\u1ecbu va \u0111\u1eadp \u0111\u1ec3 h\u1ed7 tr\u1ee3 m\u00e0ng in c\u1ee7a ch\u00fang t\u00f4i.<br><br>\n3. M\u00e0ng n\u00f4ng nghi\u1ec7p: \u01afu \u0111i\u1ec3m c\u1ee7a m\u00e0ng n\u00f4ng nghi\u1ec7p do ch\u00fang t\u00f4i s\u1ea3n xu\u1ea5t l\u00e0 c\u00f3 \u0111\u1ed9 b\u1ec1n b\u1ec9 c\u01a1 h\u1ecdc  v\u00e0 \u0111\u1ed9 dai r\u1ea5t cao, c\u00f3 th\u1ec3 ch\u1ed1ng tia UV v\u00e0 gi\u1eef \u0111\u1ed9 \u1ea9m t\u1ed1t. C\u1ea5u tr\u00fac m\u1ed9t b\u00ean l\u00e0 Metalize\/ \u0111en, x\u00e1m (v\u1edbi \u0111\u1ed9 ph\u1ee7 ch\u1ed1ng uv\/\u0111en). <br><br>\n4. M\u00e0ng n\u1eafp ly: M\u1eabu m\u00e3 \u0111a d\u1ea1ng, \u0111\u01b0\u1ee3c d\u00f9ng nhi\u1ec1u cho th\u1ecb tr\u01b0\u1eddng n\u01b0\u1edbc gi\u1ea3i kh\u00e1t. \u01afu \u0111i\u1ec3m l\u00e0 c\u00f3 \u0111\u1ed9 b\u00e1m d\u00ednh r\u1ea5t t\u1ed1t v\u1edbi ly nh\u1ef1a PP.\t\t\t\t\t\t<\/div>\n\t\t\t\t<\/div>\n\t\t\t\t\t<\/div>\n\t\t<\/div>\n\t\t\t\t\t\t\t<\/div>\n\t\t<\/section>\n\t\t\t\t<section class=\"elementor-section elementor-inner-section elementor-element elementor-element-40889859 elementor-reverse-tablet elementor-reverse-mobile elementor-section-boxed elementor-section-height-default elementor-section-height-default elementor-invisible\" data-id=\"40889859\" data-element_type=\"section\" data-settings=\"{&quot;animation&quot;:&quot;fadeIn&quot;,&quot;animation_delay&quot;:400}\">\n\t\t\t\t\t\t<div class=\"elementor-container elementor-column-gap-no\">\n\t\t\t\t\t<div class=\"elementor-column elementor-col-50 elementor-inner-column elementor-element elementor-element-5239907c\" data-id=\"5239907c\" data-element_type=\"column\" data-settings=\"{&quot;background_background&quot;:&quot;classic&quot;}\">\n\t\t\t<div class=\"elementor-widget-wrap elementor-element-populated\">\n\t\t\t\t\t\t\t\t<div class=\"elementor-element elementor-element-52591b14 elementor-widget elementor-widget-heading\" data-id=\"52591b14\" data-element_type=\"widget\" data-widget_type=\"heading.default\">\n\t\t\t\t<div class=\"elementor-widget-container\">\n\t\t\t<h6 class=\"elementor-heading-title elementor-size-default\">M\u1ea3ng bao b\u00ec Gi\u1ea5y<\/h6>\t\t<\/div>\n\t\t\t\t<\/div>\n\t\t\t\t<div class=\"elementor-element elementor-element-6ac57a3d elementor-widget elementor-widget-heading\" data-id=\"6ac57a3d\" data-element_type=\"widget\" data-widget_type=\"heading.default\">\n\t\t\t\t<div class=\"elementor-widget-container\">\n\t\t\t<h4 class=\"elementor-heading-title elementor-size-default\">M\u1ee5c ti\u00eau c\u1ee7a ch\u00fang t\u00f4i l\u00e0 s\u1ea3n xu\u1ea5t bao b\u00ec Gi\u1ea5y bao g\u1ed3m 100% l\u00e0 s\u1ea3n ph\u1ea9m gi\u1ea5y m\u00e0 kh\u00f4ng c\u1ea7n s\u1eed d\u1ee5ng l\u1edbp nh\u1ef1a v\u00e0 l\u1edbp metalize.<\/h4>\t\t<\/div>\n\t\t\t\t<\/div>\n\t\t\t\t<div class=\"elementor-element elementor-element-1f7db55b text-numberic elementor-widget elementor-widget-text-editor\" data-id=\"1f7db55b\" data-element_type=\"widget\" data-widget_type=\"text-editor.default\">\n\t\t\t\t<div class=\"elementor-widget-container\">\n\t\t\t\t\t\t\t<ol>\n \t<li>Gi\u1ea5y ch\u1ed1ng th\u1ea5m - Ch\u00fang t\u00f4i c\u00f3 th\u1ec3 s\u1ea3n xu\u1ea5t bao b\u00ec gi\u1ea5y v\u1edbi l\u1edbp ph\u1ee7 ch\u1ed1ng th\u1ea5m \u0111\u1eb7c bi\u1ec7t gi\u00fap s\u1ea3n ph\u1ea9m c\u1ee7a ch\u00fang t\u00f4i \u0111\u1ea1t \u0111\u01b0\u1ee3c ch\u1ec9 s\u1ed1 OTR &lt;10. M\u1eb7c d\u00f9 vi\u1ec7c s\u1eed d\u1ee5ng l\u1edbp m\u00e0ng metalize Nh\u00f4m v\u1eabn \u0111\u01b0\u1ee3c \u01b0a chu\u1ed9ng, ch\u00fang t\u00f4i \u0111\u00e3 th\u00e0nh c\u00f4ng trong vi\u1ec7c thay th\u1ebf d\u1ea7n s\u1ef1 c\u1ea7n thi\u1ebft c\u1ee7a l\u1edbp m\u00e0ng Nh\u00f4m n\u00e0y.<\/li><br>\n \t<li>Gi\u1ea5y ni\u00eam phong, h\u00e0n d\u00e1n - Ch\u00fang t\u00f4i kh\u00f4ng c\u1ea7n s\u1eed d\u1ee5ng l\u1edbp ph\u1ee7 nh\u1ef1a \u0111\u1ec3 c\u00f3 th\u1ec3 ni\u00eam phong v\u00e0 h\u00e1n d\u00e1n l\u1edbp gi\u1ea5y. V\u1edbi l\u1edbp ph\u1ee7 c\u00f3 ch\u1ee9c n\u0103ng \u0111\u1eb7c bi\u1ec7t, ch\u00fang t\u00f4i c\u00f3 th\u1ec3 \u0111\u1ea1t \u0111\u01b0\u1ee3c l\u1ef1c h\u00e0n d\u00e1n m\u1ea1nh h\u01a1n so v\u1edbi ch\u00ednh b\u1ea3n th\u00e2n l\u1edbp gi\u1ea5y.<\/li><br>\n \t<li>Gi\u1ea5y ch\u1ed1ng th\u1ea5m v\u00e0 ni\u00eam phong - V\u1edbi c\u1ea3 hai ch\u1ee9c n\u0103ng n\u00e0y, ch\u00fang t\u00f4i \u0111\u00e3 th\u00e0nh c\u00f4ng trong vi\u1ec7c cung c\u1ea5p c\u00e1c gi\u1ea3i ph\u00e1p bao b\u00ec cho c\u00e1c qu\u00e1n \u0103n nhanh v\u00e0 c\u00e1c c\u00f4ng ty s\u1ea3n xu\u1ea5t m\u00ec \u0103n li\u1ec1n. Hie6n t\u1ea1i, ch\u00fang t\u00f4i \u0111ang trong qu\u00e1 tr\u00ecnh theo d\u00f5i v\u00e0 ki\u1ec3m tra cho c\u00e1c th\u1ecb tr\u01b0\u1eddng kh\u00e1c.<\/li>\n<\/ol>\t\t\t\t\t\t<\/div>\n\t\t\t\t<\/div>\n\t\t\t\t\t<\/div>\n\t\t<\/div>\n\t\t\t\t<div class=\"elementor-column elementor-col-50 elementor-inner-column elementor-element elementor-element-2ec04e46\" data-id=\"2ec04e46\" data-element_type=\"column\" data-settings=\"{&quot;background_background&quot;:&quot;classic&quot;}\">\n\t\t\t<div class=\"elementor-widget-wrap elementor-element-populated\">\n\t\t\t\t\t\t\t\t<div class=\"elementor-element elementor-element-375a0280 elementor-widget__width-auto elementor-widget elementor-widget-heading\" data-id=\"375a0280\" data-element_type=\"widget\" data-widget_type=\"heading.default\">\n\t\t\t\t<div class=\"elementor-widget-container\">\n\t\t\t<h4 class=\"elementor-heading-title elementor-size-default\">02<\/h4>\t\t<\/div>\n\t\t\t\t<\/div>\n\t\t\t\t<div class=\"elementor-element elementor-element-ad6390a elementor-widget elementor-widget-spacer\" data-id=\"ad6390a\" data-element_type=\"widget\" data-widget_type=\"spacer.default\">\n\t\t\t\t<div class=\"elementor-widget-container\">\n\t\t\t\t\t<div class=\"elementor-spacer\">\n\t\t\t<div class=\"elementor-spacer-inner\"><\/div>\n\t\t<\/div>\n\t\t\t\t<\/div>\n\t\t\t\t<\/div>\n\t\t\t\t\t<\/div>\n\t\t<\/div>\n\t\t\t\t\t\t\t<\/div>\n\t\t<\/section>\n\t\t\t\t<section class=\"elementor-section elementor-inner-section elementor-element elementor-element-459c66ff elementor-section-boxed elementor-section-height-default elementor-section-height-default elementor-invisible\" data-id=\"459c66ff\" data-element_type=\"section\" data-settings=\"{&quot;animation&quot;:&quot;fadeIn&quot;,&quot;animation_delay&quot;:200}\">\n\t\t\t\t\t\t<div class=\"elementor-container elementor-column-gap-no\">\n\t\t\t\t\t<div class=\"elementor-column elementor-col-100 elementor-inner-column elementor-element elementor-element-3552dc30\" data-id=\"3552dc30\" data-element_type=\"column\" data-settings=\"{&quot;background_background&quot;:&quot;classic&quot;}\">\n\t\t\t<div class=\"elementor-widget-wrap elementor-element-populated\">\n\t\t\t\t\t\t\t\t<div class=\"elementor-element elementor-element-6e3a1878 elementor-widget__width-auto elementor-widget elementor-widget-heading\" data-id=\"6e3a1878\" data-element_type=\"widget\" data-widget_type=\"heading.default\">\n\t\t\t\t<div class=\"elementor-widget-container\">\n\t\t\t<h4 class=\"elementor-heading-title elementor-size-default\">03<\/h4>\t\t<\/div>\n\t\t\t\t<\/div>\n\t\t\t\t<div class=\"elementor-element elementor-element-82fafda elementor-widget elementor-widget-spacer\" data-id=\"82fafda\" data-element_type=\"widget\" data-widget_type=\"spacer.default\">\n\t\t\t\t<div class=\"elementor-widget-container\">\n\t\t\t\t\t<div class=\"elementor-spacer\">\n\t\t\t<div class=\"elementor-spacer-inner\"><\/div>\n\t\t<\/div>\n\t\t\t\t<\/div>\n\t\t\t\t<\/div>\n\t\t\t\t\t<\/div>\n\t\t<\/div>\n\t\t\t\t\t\t\t<\/div>\n\t\t<\/section>\n\t\t\t\t<section class=\"elementor-section elementor-inner-section elementor-element elementor-element-25764e4 elementor-section-boxed elementor-section-height-default elementor-section-height-default elementor-invisible\" data-id=\"25764e4\" data-element_type=\"section\" data-settings=\"{&quot;animation&quot;:&quot;fadeIn&quot;,&quot;animation_delay&quot;:400}\">\n\t\t\t\t\t\t<div class=\"elementor-container elementor-column-gap-no\">\n\t\t\t\t\t<div class=\"elementor-column elementor-col-100 elementor-inner-column elementor-element elementor-element-6fbbc87\" data-id=\"6fbbc87\" data-element_type=\"column\" data-settings=\"{&quot;background_background&quot;:&quot;classic&quot;}\">\n\t\t\t<div class=\"elementor-widget-wrap elementor-element-populated\">\n\t\t\t\t\t\t\t\t<div class=\"elementor-element elementor-element-671feb0 elementor-widget elementor-widget-heading\" data-id=\"671feb0\" data-element_type=\"widget\" data-widget_type=\"heading.default\">\n\t\t\t\t<div class=\"elementor-widget-container\">\n\t\t\t<h6 class=\"elementor-heading-title elementor-size-default\">\u0110\u1ecbnh h\u01b0\u1edbng Nghi\u00ean c\u1ee9u v\u00e0 Ph\u00e1t tri\u1ec3n<\/h6>\t\t<\/div>\n\t\t\t\t<\/div>\n\t\t\t\t<div class=\"elementor-element elementor-element-4e36008 elementor-widget elementor-widget-heading\" data-id=\"4e36008\" data-element_type=\"widget\" data-widget_type=\"heading.default\">\n\t\t\t\t<div class=\"elementor-widget-container\">\n\t\t\t<h4 class=\"elementor-heading-title elementor-size-default\">Ch\u00fang t\u00f4i lu\u00f4n coi \u0111\u00e2y l\u00e0 m\u1ee5c ti\u00eau quan tr\u1ecdng nh\u1ea5t, v\u00ec c\u1ea3 \u0111\u1ecbnh h\u01b0\u1edbng bao b\u00ec Nh\u1ef1a v\u00e0 Gi\u1ea5y ch\u1ec9 c\u00f3 th\u1ec3 th\u1ef1c hi\u1ec7n \u0111\u01b0\u1ee3c n\u1ebfu ch\u00fang ta li\u00ean t\u1ee5c nghi\u00ean c\u1ee9u v\u1edbi nhi\u1ec1u v\u1eadt li\u1ec7u kh\u00e1c nhau v\u00e0 th\u1ef1c hi\u1ec7n th\u1eed nghi\u1ec7m v\u1ec1 th\u1eddi gian s\u1eed d\u1ee5ng tr\u00ean nhi\u1ec1u s\u1ea3n ph\u1ea9m kh\u00e1c nhau.<\/h4>\t\t<\/div>\n\t\t\t\t<\/div>\n\t\t\t\t<div class=\"elementor-element elementor-element-4a8718c text-numberic elementor-widget elementor-widget-text-editor\" data-id=\"4a8718c\" data-element_type=\"widget\" data-widget_type=\"text-editor.default\">\n\t\t\t\t<div class=\"elementor-widget-container\">\n\t\t\t\t\t\t\t<ol><li>\u0110\u1ed1i v\u1edbi ch\u00fang t\u00f4i, t\u00ednh b\u1ec1n v\u1eefng c\u00f3 ngh\u0129a l\u00e0 t\u00edch c\u1ef1c l\u00e0m vi\u1ec7c \u0111\u1ec3 tr\u1edf th\u00e0nh ng\u01b0\u1eddi d\u1eabn \u0111\u1ea7u trong c\u1ea3 ba tr\u1ee5 c\u1ee7a s\u1ef1 b\u1ec1n v\u1eefng. \u0110i\u1ec1u n\u00e0y \u0111\u01b0\u1ee3c th\u1ef1c hi\u1ec7n b\u1eb1ng c\u00e1ch gi\u1ea3m thi\u1ec3u \u1ea3nh h\u01b0\u1edfng ti\u00eau c\u1ef1c (n\u1ebfu c\u00f3) trong ho\u1ea1t \u0111\u1ed9ng s\u1ea3n xu\u1ea5t v\u00e0 tr\u00ean s\u1ea3n ph\u1ea9m c\u1ee7a ch\u00fang t\u00f4i \u0111\u1ed1i v\u1edbi m\u00f4i tr\u01b0\u1eddng. \u0110\u1ed3ng th\u1eddi, \u0111\u1ea3m b\u1ea3o r\u1eb1ng lu\u00f4n lu\u00f4n t\u00e1c \u0111\u1ed9ng t\u00edch c\u1ef1c, th\u00e2n thi\u1ec7n \u0111\u1ebfn c\u00e1c kh\u00e1ch h\u00e0ng, ng\u01b0\u1eddi ti\u00eau d\u00f9ng v\u00e0 x\u00e3 h\u1ed9i c\u1ee7a ch\u00fang ta.\nCh\u00fang t\u00f4i \u0111\u1ea3m b\u1ea3o kh\u00f4ng g\u00e2y \u1ea3nh h\u01b0\u1edfng ti\u00eau c\u1ef1c trong to\u00e0n b\u1ed9 chu\u1ed7i gi\u00e1 tr\u1ecb c\u1ed1t l\u00f5i v\u1ec1 m\u00f4i tr\u01b0\u1eddng, ngh\u0129a v\u1ee5, \u0111\u1ea1o \u0111\u1ee9c kinh doanh v\u00e0 qu\u1ea3n tr\u1ecb s\u1ea3n xu\u1ea5t.<br \/><br \/><\/li><li>M\u1ee5c ti\u00eau b\u1ec1n v\u1eefng c\u1ee7a ch\u00fang t\u00f4i: M\u1ee5c ti\u00eau c\u1ee7a ch\u00fang t\u00f4i l\u00e0 tr\u1edf th\u00e0nh l\u1ef1a ch\u1ecdn h\u00e0ng \u0111\u1ea7u cho c\u00e1c gi\u1ea3i ph\u00e1p bao b\u00ec th\u00e2n thi\u1ec7n v\u1edbi m\u00f4i tr\u01b0\u1eddng. Do \u0111\u00f3, ch\u00fang t\u00f4i gi\u1edbi thi\u1ec7u chi\u1ebfn l\u01b0\u1ee3c m\u1edbi c\u1ee7a m\u00ecnh v\u1edbi kim ch\u1ec9 nam l\u00e0 s\u1ef1 b\u1ec1n v\u1eefng, v\u00e0 b\u1ec1n v\u1eefng l\u00e0 m\u1ee5c ti\u00eau quan tr\u1ecdng trong qu\u00e1 tr\u00ecnh l\u00e0m vi\u1ec7c c\u1ee7a ch\u00fang t\u00f4i. Theo chi\u1ebfn l\u01b0\u1ee3c m\u1edbi, ch\u00fang t\u00f4i c\u0169ng \u0111\u00e3 thi\u1ebft l\u1eadp hai kh\u00e1t v\u1ecdng v\u1ec1 t\u00ednh b\u1ec1n v\u1eefng c\u1ee7a m\u00ecnh, nh\u1eefng kh\u00e1t v\u1ecdng n\u00e0y s\u1ebd \u0111\u00f3ng vai tr\u00f2 l\u00e0 kim ch\u1ec9 nam cho c\u00e1c ho\u1ea1t \u0111\u1ed9ng b\u1ec1n v\u1eefng c\u1ee7a ch\u00fang t\u00f4i sau n\u00e0y.<br \/><br \/><\/li><li>M\u1ee5c ti\u00eau b\u1ec1n v\u1eefng c\u1ee7a ch\u00fang t\u00f4i s\u1ebd t\u1eadp trung v\u00e0o hai ch\u1ee7 \u0111\u1ec1 ch\u00ednh: Chuy\u1ec3n \u0111\u1ed5i sang n\u1ec1n kinh t\u1ebf tu\u1ea7n ho\u00e0n v\u00e0 th\u1ef1c hi\u1ec7n nh\u1eefng h\u00e0nh \u0111\u1ed9ng thi\u1ebft th\u1ef1c v\u1ec1 bi\u1ebfn \u0111\u1ed5i kh\u00ed h\u1eadu. \u0110\u1ed3ng th\u1eddi, c\u0169ng s\u1ebd lu\u00f4n xem x\u00e9t c\u00e1c y\u1ebfu t\u1ed1 kh\u00e1c v\u1ec1 m\u00f4i tr\u01b0\u1eddng v\u00e0 x\u00e3 h\u1ed9i \u0111\u1ec3 t\u0103ng c\u01b0\u1eddng t\u00ednh b\u1ec1n v\u1eefng.<\/li><\/ol>\t\t\t\t\t\t<\/div>\n\t\t\t\t<\/div>\n\t\t\t\t\t<\/div>\n\t\t<\/div>\n\t\t\t\t\t\t\t<\/div>\n\t\t<\/section>\n\t\t\t\t\t<\/div>\n\t\t<\/div>\n\t\t\t\t\t\t\t<\/div>\n\t\t<\/section>\n\t\t\t\t\t\t\t<\/div>","protected":false},"excerpt":{"rendered":"<p>Products and services We Categorized Our Products Into 3 Paths Download TDS and MSDS 01 Plastics Path Our goal is to turn all solutions towards Monomaterial movements where only 1 type of plastic is used. 1. Printing Film- This includes replacement of all current printing film to PE which we are can achieve in both [&hellip;]<\/p>","protected":false},"author":2,"featured_media":0,"parent":0,"menu_order":0,"comment_status":"closed","ping_status":"closed","template":"elementor_header_footer","meta":{"footnotes":""},"class_list":["post-251","page","type-page","status-publish","hentry"],"_links":{"self":[{"href":"https:\/\/www.vh-plast.com\/vi\/wp-json\/wp\/v2\/pages\/251","targetHints":{"allow":["GET"]}}],"collection":[{"href":"https:\/\/www.vh-plast.com\/vi\/wp-json\/wp\/v2\/pages"}],"about":[{"href":"https:\/\/www.vh-plast.com\/vi\/wp-json\/wp\/v2\/types\/page"}],"author":[{"embeddable":true,"href":"https:\/\/www.vh-plast.com\/vi\/wp-json\/wp\/v2\/users\/2"}],"replies":[{"embeddable":true,"href":"https:\/\/www.vh-plast.com\/vi\/wp-json\/wp\/v2\/comments?post=251"}],"version-history":[{"count":34,"href":"https:\/\/www.vh-plast.com\/vi\/wp-json\/wp\/v2\/pages\/251\/revisions"}],"predecessor-version":[{"id":498,"href":"https:\/\/www.vh-plast.com\/vi\/wp-json\/wp\/v2\/pages\/251\/revisions\/498"}],"wp:attachment":[{"href":"https:\/\/www.vh-plast.com\/vi\/wp-json\/wp\/v2\/media?parent=251"}],"curies":[{"name":"wp","href":"https:\/\/api.w.org\/{rel}","templated":true}]}}